{"id":6688,"date":"2022-02-10T14:11:14","date_gmt":"2022-02-10T17:11:14","guid":{"rendered":"http:\/\/belmondo.com.br\/jbz\/?page_id=6688"},"modified":"2022-02-10T16:27:35","modified_gmt":"2022-02-10T19:27:35","slug":"politica-de-privacidade-e-cookies","status":"publish","type":"page","link":"https:\/\/www.belmondo.com.br\/jbz\/politica-de-privacidade-e-cookies\/","title":{"rendered":"Pol\u00edtica de Privacidade e Cookies"},"content":{"rendered":"<p>Por Pol\u00edtica de Privacidade de Dados Pessoais para Clientes e Usu\u00e1rios (a \u201c<u>Pol\u00edtica de Privacidade<\/u>\u201d), a <strong>BELMONDO EMPREENDIMENTOS E PARTICIPA\u00c7\u00d5ES LTDA.<\/strong>, sociedade empres\u00e1ria limitada, inscrita no CNPJ n\u00ba 00.346.183\/0001-00, com sede em Porto Alegre, RS, na Avenida Carlos Gomes n\u00ba 400, sala 1501-B, CEP 90.480-900 (a \u201c<u>Belmondo<\/u>\u201d, \u201c<u>n\u00f3s<\/u>\u201d ou \u201c<u>nosso\/nossa<\/u>\u201d), bem como suas eventuais afiliadas e\/ou do mesmo grupo econ\u00f4mico, <strong>informam<\/strong> e <strong>d\u00e3o ci\u00eancia<\/strong> aos titulares de dados pessoais e eventuais interessados (os \u201c<u>Interessados<\/u>\u201d, \u201c<u>Voc\u00ea<\/u>\u201d, \u201c<u>seu<\/u>\u201d ou \u201c<u>seus<\/u>\u201d) sobre as pr\u00e1ticas da Belmondo com rela\u00e7\u00e3o \u00e0 coleta, armazenamento e compartilhamento de dados pessoais (o \u201c<u>Tratamento de Dados Pessoais<\/u>\u201d, se individualmente, e os \u201c<u>Tratamentos de Dados Pessoais<\/u>\u201d, se em conjunto) \u00a0Voc\u00ea acessa, interage com, acessa, utiliza ou contrata com a Belmondo, realiza candidatura ou acessa os colaboradores, websites, redes sociais, canais de atendimento e\/ou empreendimentos da Belmondo.<\/p>\n<p>A Belmondo realiza Tratamentos de Dados Pessoais de titularidade dos Interessados, em raz\u00e3o disso, determina todas as suas a\u00e7\u00f5es a partir de uma premissa de respeito e aten\u00e7\u00e3o com a privacidade e seguran\u00e7a desses dados pessoais. Para deixar Voc\u00ea no controle, <strong>recomendamos que <u>leia atentamente esta Pol\u00edtica de Privacidade<\/u>, pois ela ser\u00e1 aplic\u00e1vel durante todos os Tratamentos de Dados Pessoais realizados pela Belmondo<\/strong>.<\/p>\n<p>N\u00f3s atuamos continuamente para aprimorar os nossos formatos de Tratamentos de Dados Pessoais e os nossos procedimentos internos, motivo pelo qual essa Pol\u00edtica ser\u00e1 revisada, no m\u00ednimo, anualmente. Para que Voc\u00ea esteja sempre a par das melhores pr\u00e1ticas de prote\u00e7\u00e3o da privacidade e seguran\u00e7a da informa\u00e7\u00e3o que adotamos, recomendamos que visite esta p\u00e1gina para visualizar a publica\u00e7\u00e3o das eventuais atualiza\u00e7\u00f5es. No entanto, n\u00e3o se preocupe, caso sejam feitas altera\u00e7\u00f5es relevantes que necessitem de um novo consentimento seu sobre algum tratamento de dados pessoais, iremos solicit\u00e1-lo novamente.<\/p>\n","protected":false},"excerpt":{"rendered":"<p>Por Pol\u00edtica de Privacidade de Dados Pessoais para Clientes e Usu\u00e1rios (a \u201cPol\u00edtica de Privacidade\u201d), a BELMONDO EMPREENDIMENTOS E PARTICIPA\u00c7\u00d5ES LTDA., sociedade empres\u00e1ria limitada, inscrita no CNPJ n\u00ba 00.346.183\/0001-00, com sede em Porto Alegre, RS, na Avenida Carlos Gomes n\u00ba 400, sala 1501-B, CEP 90.480-900 (a \u201cBelmondo\u201d, \u201cn\u00f3s\u201d ou \u201cnosso\/nossa\u201d), bem como suas eventuais afiliadas&#8230;  <a class=\"excerpt-read-more\" href=\"https:\/\/www.belmondo.com.br\/jbz\/politica-de-privacidade-e-cookies\/\" title=\"Read Pol\u00edtica de Privacidade e Cookies\">Read more &raquo;<\/a><\/p>\n","protected":false},"author":1,"featured_media":0,"parent":0,"menu_order":0,"comment_status":"closed","ping_status":"closed","template":"","meta":{"_acf_changed":false,"footnotes":""},"class_list":["post-6688","page","type-page","status-publish","hentry"],"acf":[],"yoast_head":"<!-- This site is optimized with the Yoast SEO plugin v25.6 - https:\/\/yoast.com\/wordpress\/plugins\/seo\/ -->\n<title>Pol\u00edtica de Privacidade e Cookies - JBZ<\/title>\n<meta name=\"robots\" content=\"index, follow, max-snippet:-1, max-image-preview:large, max-video-preview:-1\" \/>\n<link rel=\"canonical\" href=\"https:\/\/www.belmondo.com.br\/jbz\/politica-de-privacidade-e-cookies\/\" \/>\n<meta property=\"og:locale\" content=\"pt_BR\" \/>\n<meta property=\"og:type\" content=\"article\" \/>\n<meta property=\"og:title\" content=\"Pol\u00edtica de Privacidade e Cookies - JBZ\" \/>\n<meta property=\"og:description\" content=\"Por Pol\u00edtica de Privacidade de Dados Pessoais para Clientes e Usu\u00e1rios (a \u201cPol\u00edtica de Privacidade\u201d), a BELMONDO EMPREENDIMENTOS E PARTICIPA\u00c7\u00d5ES LTDA., sociedade empres\u00e1ria limitada, inscrita no CNPJ n\u00ba 00.346.183\/0001-00, com sede em Porto Alegre, RS, na Avenida Carlos Gomes n\u00ba 400, sala 1501-B, CEP 90.480-900 (a \u201cBelmondo\u201d, \u201cn\u00f3s\u201d ou \u201cnosso\/nossa\u201d), bem como suas eventuais afiliadas... Read more &raquo;\" \/>\n<meta property=\"og:url\" content=\"https:\/\/www.belmondo.com.br\/jbz\/politica-de-privacidade-e-cookies\/\" \/>\n<meta property=\"og:site_name\" content=\"JBZ\" \/>\n<meta property=\"article:modified_time\" content=\"2022-02-10T19:27:35+00:00\" \/>\n<meta name=\"twitter:card\" content=\"summary_large_image\" \/>\n<meta name=\"twitter:label1\" content=\"Est. tempo de leitura\" \/>\n\t<meta name=\"twitter:data1\" content=\"2 minutos\" \/>\n<script type=\"application\/ld+json\" class=\"yoast-schema-graph\">{\"@context\":\"https:\/\/schema.org\",\"@graph\":[{\"@type\":\"WebPage\",\"@id\":\"https:\/\/www.belmondo.com.br\/jbz\/politica-de-privacidade-e-cookies\/\",\"url\":\"https:\/\/www.belmondo.com.br\/jbz\/politica-de-privacidade-e-cookies\/\",\"name\":\"Pol\u00edtica de Privacidade e Cookies - JBZ\",\"isPartOf\":{\"@id\":\"https:\/\/www.belmondo.com.br\/jbz\/#website\"},\"datePublished\":\"2022-02-10T17:11:14+00:00\",\"dateModified\":\"2022-02-10T19:27:35+00:00\",\"breadcrumb\":{\"@id\":\"https:\/\/www.belmondo.com.br\/jbz\/politica-de-privacidade-e-cookies\/#breadcrumb\"},\"inLanguage\":\"pt-BR\",\"potentialAction\":[{\"@type\":\"ReadAction\",\"target\":[\"https:\/\/www.belmondo.com.br\/jbz\/politica-de-privacidade-e-cookies\/\"]}]},{\"@type\":\"BreadcrumbList\",\"@id\":\"https:\/\/www.belmondo.com.br\/jbz\/politica-de-privacidade-e-cookies\/#breadcrumb\",\"itemListElement\":[{\"@type\":\"ListItem\",\"position\":1,\"name\":\"In\u00edcio\",\"item\":\"https:\/\/www.belmondo.com.br\/jbz\/\"},{\"@type\":\"ListItem\",\"position\":2,\"name\":\"Pol\u00edtica de Privacidade e Cookies\"}]},{\"@type\":\"WebSite\",\"@id\":\"https:\/\/www.belmondo.com.br\/jbz\/#website\",\"url\":\"https:\/\/www.belmondo.com.br\/jbz\/\",\"name\":\"JBZ\",\"description\":\"\",\"publisher\":{\"@id\":\"https:\/\/www.belmondo.com.br\/jbz\/#organization\"},\"potentialAction\":[{\"@type\":\"SearchAction\",\"target\":{\"@type\":\"EntryPoint\",\"urlTemplate\":\"https:\/\/www.belmondo.com.br\/jbz\/?s={search_term_string}\"},\"query-input\":{\"@type\":\"PropertyValueSpecification\",\"valueRequired\":true,\"valueName\":\"search_term_string\"}}],\"inLanguage\":\"pt-BR\"},{\"@type\":\"Organization\",\"@id\":\"https:\/\/www.belmondo.com.br\/jbz\/#organization\",\"name\":\"JBZ\",\"url\":\"https:\/\/www.belmondo.com.br\/jbz\/\",\"logo\":{\"@type\":\"ImageObject\",\"inLanguage\":\"pt-BR\",\"@id\":\"https:\/\/www.belmondo.com.br\/jbz\/#\/schema\/logo\/image\/\",\"url\":\"\",\"contentUrl\":\"\",\"caption\":\"JBZ\"},\"image\":{\"@id\":\"https:\/\/www.belmondo.com.br\/jbz\/#\/schema\/logo\/image\/\"}}]}<\/script>\n<!-- \/ Yoast SEO plugin. -->","yoast_head_json":{"title":"Pol\u00edtica de Privacidade e Cookies - JBZ","robots":{"index":"index","follow":"follow","max-snippet":"max-snippet:-1","max-image-preview":"max-image-preview:large","max-video-preview":"max-video-preview:-1"},"canonical":"https:\/\/www.belmondo.com.br\/jbz\/politica-de-privacidade-e-cookies\/","og_locale":"pt_BR","og_type":"article","og_title":"Pol\u00edtica de Privacidade e Cookies - JBZ","og_description":"Por Pol\u00edtica de Privacidade de Dados Pessoais para Clientes e Usu\u00e1rios (a \u201cPol\u00edtica de Privacidade\u201d), a BELMONDO EMPREENDIMENTOS E PARTICIPA\u00c7\u00d5ES LTDA., sociedade empres\u00e1ria limitada, inscrita no CNPJ n\u00ba 00.346.183\/0001-00, com sede em Porto Alegre, RS, na Avenida Carlos Gomes n\u00ba 400, sala 1501-B, CEP 90.480-900 (a \u201cBelmondo\u201d, \u201cn\u00f3s\u201d ou \u201cnosso\/nossa\u201d), bem como suas eventuais afiliadas... Read more &raquo;","og_url":"https:\/\/www.belmondo.com.br\/jbz\/politica-de-privacidade-e-cookies\/","og_site_name":"JBZ","article_modified_time":"2022-02-10T19:27:35+00:00","twitter_card":"summary_large_image","twitter_misc":{"Est. tempo de leitura":"2 minutos"},"schema":{"@context":"https:\/\/schema.org","@graph":[{"@type":"WebPage","@id":"https:\/\/www.belmondo.com.br\/jbz\/politica-de-privacidade-e-cookies\/","url":"https:\/\/www.belmondo.com.br\/jbz\/politica-de-privacidade-e-cookies\/","name":"Pol\u00edtica de Privacidade e Cookies - JBZ","isPartOf":{"@id":"https:\/\/www.belmondo.com.br\/jbz\/#website"},"datePublished":"2022-02-10T17:11:14+00:00","dateModified":"2022-02-10T19:27:35+00:00","breadcrumb":{"@id":"https:\/\/www.belmondo.com.br\/jbz\/politica-de-privacidade-e-cookies\/#breadcrumb"},"inLanguage":"pt-BR","potentialAction":[{"@type":"ReadAction","target":["https:\/\/www.belmondo.com.br\/jbz\/politica-de-privacidade-e-cookies\/"]}]},{"@type":"BreadcrumbList","@id":"https:\/\/www.belmondo.com.br\/jbz\/politica-de-privacidade-e-cookies\/#breadcrumb","itemListElement":[{"@type":"ListItem","position":1,"name":"In\u00edcio","item":"https:\/\/www.belmondo.com.br\/jbz\/"},{"@type":"ListItem","position":2,"name":"Pol\u00edtica de Privacidade e Cookies"}]},{"@type":"WebSite","@id":"https:\/\/www.belmondo.com.br\/jbz\/#website","url":"https:\/\/www.belmondo.com.br\/jbz\/","name":"JBZ","description":"","publisher":{"@id":"https:\/\/www.belmondo.com.br\/jbz\/#organization"},"potentialAction":[{"@type":"SearchAction","target":{"@type":"EntryPoint","urlTemplate":"https:\/\/www.belmondo.com.br\/jbz\/?s={search_term_string}"},"query-input":{"@type":"PropertyValueSpecification","valueRequired":true,"valueName":"search_term_string"}}],"inLanguage":"pt-BR"},{"@type":"Organization","@id":"https:\/\/www.belmondo.com.br\/jbz\/#organization","name":"JBZ","url":"https:\/\/www.belmondo.com.br\/jbz\/","logo":{"@type":"ImageObject","inLanguage":"pt-BR","@id":"https:\/\/www.belmondo.com.br\/jbz\/#\/schema\/logo\/image\/","url":"","contentUrl":"","caption":"JBZ"},"image":{"@id":"https:\/\/www.belmondo.com.br\/jbz\/#\/schema\/logo\/image\/"}}]}},"_links":{"self":[{"href":"https:\/\/www.belmondo.com.br\/jbz\/wp-json\/wp\/v2\/pages\/6688","targetHints":{"allow":["GET"]}}],"collection":[{"href":"https:\/\/www.belmondo.com.br\/jbz\/wp-json\/wp\/v2\/pages"}],"about":[{"href":"https:\/\/www.belmondo.com.br\/jbz\/wp-json\/wp\/v2\/types\/page"}],"author":[{"embeddable":true,"href":"https:\/\/www.belmondo.com.br\/jbz\/wp-json\/wp\/v2\/users\/1"}],"replies":[{"embeddable":true,"href":"https:\/\/www.belmondo.com.br\/jbz\/wp-json\/wp\/v2\/comments?post=6688"}],"version-history":[{"count":8,"href":"https:\/\/www.belmondo.com.br\/jbz\/wp-json\/wp\/v2\/pages\/6688\/revisions"}],"predecessor-version":[{"id":6700,"href":"https:\/\/www.belmondo.com.br\/jbz\/wp-json\/wp\/v2\/pages\/6688\/revisions\/6700"}],"wp:attachment":[{"href":"https:\/\/www.belmondo.com.br\/jbz\/wp-json\/wp\/v2\/media?parent=6688"}],"curies":[{"name":"wp","href":"https:\/\/api.w.org\/{rel}","templated":true}]}}